{"id":202,"date":"2012-02-22T16:50:39","date_gmt":"2012-02-22T15:50:39","guid":{"rendered":"http:\/\/anykeyproductions.nl\/?page_id=202"},"modified":"2019-02-08T11:58:21","modified_gmt":"2019-02-08T10:58:21","slug":"referenties","status":"publish","type":"page","link":"https:\/\/anykeyproductions.nl\/?page_id=202","title":{"rendered":"Referenties"},"content":{"rendered":"<p style=\"text-align: left;\"><strong>Referenties<br \/><\/strong>AnyKey Productions heeft ruim 40 jaar ervaring met het verzorgen van het geluid en licht voor diverse bands en artiesten. Hieronder een lijst met zalen, feesten, caf\u00e9&#8217;s en andere gelegenheden. Kijk ook eens bij de video&#8217;s!<\/p>\n<ul>\n<li>Amsterdam, Hilton Hotel, bedrijfsfeest<\/li>\n<li>Amsterdam, Okura Hotel, personeelsfeest Nippon Express<\/li>\n<li>Amsterdam, PR.co Relaunch Party met Little Steve &amp; The Big Beat<\/li>\n<li>BanDeVille, semi-akoestische Mink\/Willy DeVille tribute band<\/li>\n<li>Brasserie de Plantage Ede, Barrelhouse, G-Live sessies<\/li>\n<li>Brug- en Sluisfeesten Weesp, buitenoptreden met diverse artiesten<\/li>\n<li>Caf\u00e9 De Klomp Etten-Leur, BanDeVille tribute<\/li>\n<li>Caf\u00e9 De Potdeksel Deurne, Mink DeVille tribute BanDeVille<\/li>\n<li>Caf\u00e9 Manuslust Bie Mieke, BanDeVille<\/li>\n<li>Caf\u00e9 Restaurant De Gouden Leeuw Druten, DLB<\/li>\n<li>Caf\u00e9 &#8217;t Haantje Nijmegen, Straatfeest met diverse artiesten<\/li>\n<li>Caf\u00e9 Uitmarkt Venray, geluid voor diverse artiesten<\/li>\n<li>Carnavalsfeesten in Meijel, zaal Pluijm en Hotel Ketels<\/li>\n<li>Champagne Charlie, Geldermalsen<\/li>\n<li>Congrescentrum Lunteren, Landelijk Contact Gem. Welzijnsbeleid<\/li>\n<li>De Fabrique Utrecht, Annual Christmas Party Nutreco Ned. BV<\/li>\n<li>De Pluk Geldermalsen, geluid en licht voor diverse artiesten\/bands w.o. SaRon Crenshaw ff. Blind B &amp; The Visionairs, John Primer, The Quinted, Brock &amp; The Brockettes, Lurrie Bell, Doug MacLeod, Preston Shannon, Guy Davis; de Super Blues Session 2016, 2017, 2018 en 2019 in het Grand Caf\u00e9, iov Stichting Betuws Blues &amp; Jazz Promotion<\/li>\n<li>Discotheken in Brabant, Limburg en Duitsland, voor Flanger en CopyRight<\/li>\n<li>Dorpshuis IJzendoorn, optredens met o.a. Barrelhouse, Brainbox en Kaz Lux<\/li>\n<li>Druten, Agora Theater, seizoensafsluitingen met DLB<\/li>\n<li>Fanclubdag Mink DeVille Harfsen<\/li>\n<li>Gemeente Amsterdam, live muziek Leidseplein t.g.v. het 700-jarig bestaan<\/li>\n<li>Guy Davis solo, Geldermalsen<\/li>\n<li>HAN \u2013 diploma-uitreiking<\/li>\n<li>Het Pakhuis Wijk bij Duurstede, Blues in Wijk<\/li>\n<li>Het Zeeltje in Deest, popfestival<\/li>\n<li>Hobbycentrum Nijmegen, kerstfeest<\/li>\n<li>Hof van Wageningen (v\/h Wicc), Rhine Town Jazz Festival<\/li>\n<li>Hotel Asteria Venray, karaoke (internationaal) en live band<\/li>\n<li>Hotel De Heerlickheijd van Ermelo, The Quinted (jazz)<\/li>\n<li>Jaarlijkse dodenherdenking Ochten<\/li>\n<li>Jazz bij de Molen Elden \/ Arnhem, diverse orkesten<\/li>\n<li>Jordaanfestival Amsterdam, live muziek met CopyRight<\/li>\n<li>Junushof Wageningen, Cultureel Caf\u00e9<\/li>\n<li>Kaffee Lambiek Tilburg, Eigties tributeband The Wave<\/li>\n<li>Kasteel Amerongen, feest Koetshuis<\/li>\n<li>Kempenhaeghe Sterksel, BanDeVille tijdens de Providentia Motorrun<\/li>\n<li>Kim&#8217;s Kroeg Tilburg<\/li>\n<li>Koninginnedag\/Koningsdag Plantsoen Buren 2014\/15\/16<\/li>\n<li>Loburg Wageningen (tgv de heropening), Little Steve &amp; the Big Beat<\/li>\n<li>M\u00e9luzien en Foissy-l\u00e8s-V\u00e9zelay (F), DLB tijdens hun vakantie-tour<\/li>\n<li>Michael Katon met Rob Orlemans &amp; Half Past Midnight, tour mei 2015 (Tiel, Arnhem, Drachten, Venlo etc, Ribs &#8217;n Blues Raalte)<\/li>\n<li>Mixed-Nuts feestband &#8220;seventies till now&#8221;, diverse optredens<\/li>\n<li>Mount Temple (U2-tribute), diverse optredens<\/li>\n<li>Nieuwolda, bedrijfspresentatie met gastspreker Jan Terlouw<\/li>\n<li>OBS Palet Opheusden, Kerstmusical<\/li>\n<li>Papendal Arnhem, geluid sportevenement<\/li>\n<li>Philips Nijmegen, feest in het Triavium<\/li>\n<li>Popronde De Uitmarkt Venray, met o.a. Amber Gooma<\/li>\n<li>Reehorst Ede, t.b.v. het IEP<\/li>\n<li>Rhine Town Jazz Festival, WICC \/ Hof van Wageningen, diverse artiesten<\/li>\n<li>Schouwburg Agnietenhof Tiel, benefietfestival<\/li>\n<li>SIXX Skybar Hotel Tiel, diverse artiesten<\/li>\n<li>Slot Moermond Renesse, familiefeest met live-muziek<\/li>\n<li>Sterksel, Goetoeve-festival Kloostervelden, diverse artiesten<\/li>\n<li>Super Blues Sessions De Pluk Geldermalsen<\/li>\n<li>Theater de Mallemolen Groesbeek, live muziek<\/li>\n<li>TV Buren, afsluiting Valentijn toernooi 2016\/17 &#8216;nJoy<\/li>\n<li>Vereeniging Nijmegen, i.o.v. Pluryn Werkenrode, live muziek<\/li>\n<li>VVE Echteld, feesttent met DLB, korenmiddag<\/li>\n<li>Waalborg Druten, meerdere feesten<\/li>\n<li>Zwaantje Deest, CD-presentatie Rob Orlemans &amp; Half Past Midnight<\/li>\n<\/ul>\n\n\n<p><\/p>\n","protected":false},"excerpt":{"rendered":"<p>ReferentiesAnyKey Productions heeft ruim 40 jaar ervaring met het verzorgen van het geluid en licht voor diverse bands en artiesten. Hieronder een lijst met zalen, feesten, caf\u00e9&#8217;s en andere gelegenheden. Kijk ook eens bij de video&#8217;s! Amsterdam, Hilton Hotel, bedrijfsfeest &hellip; <a href=\"https:\/\/anykeyproductions.nl\/?page_id=202\">Lees verder <span class=\"meta-nav\">&rarr;<\/span><\/a><\/p>\n","protected":false},"author":1,"featured_media":0,"parent":0,"menu_order":4,"comment_status":"closed","ping_status":"closed","template":"showcase.php","meta":{"footnotes":""},"class_list":["post-202","page","type-page","status-publish","hentry"],"_links":{"self":[{"href":"https:\/\/anykeyproductions.nl\/index.php?rest_route=\/wp\/v2\/pages\/202","targetHints":{"allow":["GET"]}}],"collection":[{"href":"https:\/\/anykeyproductions.nl\/index.php?rest_route=\/wp\/v2\/pages"}],"about":[{"href":"https:\/\/anykeyproductions.nl\/index.php?rest_route=\/wp\/v2\/types\/page"}],"author":[{"embeddable":true,"href":"https:\/\/anykeyproductions.nl\/index.php?rest_route=\/wp\/v2\/users\/1"}],"replies":[{"embeddable":true,"href":"https:\/\/anykeyproductions.nl\/index.php?rest_route=%2Fwp%2Fv2%2Fcomments&post=202"}],"version-history":[{"count":14,"href":"https:\/\/anykeyproductions.nl\/index.php?rest_route=\/wp\/v2\/pages\/202\/revisions"}],"predecessor-version":[{"id":925,"href":"https:\/\/anykeyproductions.nl\/index.php?rest_route=\/wp\/v2\/pages\/202\/revisions\/925"}],"wp:attachment":[{"href":"https:\/\/anykeyproductions.nl\/index.php?rest_route=%2Fwp%2Fv2%2Fmedia&parent=202"}],"curies":[{"name":"wp","href":"https:\/\/api.w.org\/{rel}","templated":true}]}}